{"id":717,"date":"2024-08-13T14:40:03","date_gmt":"2024-08-13T14:40:03","guid":{"rendered":"https:\/\/widmer.consolvis.ch\/?page_id=717"},"modified":"2024-08-13T14:43:14","modified_gmt":"2024-08-13T14:43:14","slug":"warum-zahnpflege","status":"publish","type":"page","link":"https:\/\/www.pferdezahnbehandlungen.ch\/de_DE\/warum-zahnpflege\/","title":{"rendered":"Warum Zahnpflege?"},"content":{"rendered":"\n<h2 class=\"wp-block-heading\">Warum sollte ich die Z\u00e4hne meines Pferdes durch einen Spezialisten behandeln lassen?<\/h2>\n\n\n\n<p>Die Pferdehaltung befriedigt die nat\u00fcrlichen Ern\u00e4hrungsbed\u00fcrfnisse der geliebten Vierbeiner zum Teil nur ungen\u00fcgend. Dabei haben viele Pferde nicht gen\u00fcgend M\u00f6glichkeit zu Weidegang, was den nat\u00fcrlichen Fressgewohnheiten des Pferdes entsprechen w\u00fcrde. Dazu kommt teilweise ein Mangel an Raufutter und gleichzeitig ein \u00dcberfluss an Kraftfutter.<\/p>\n\n\n\n<p>Es ist eine Tatsache, dass sich Gebisse von Pferden in naturnaher Haltung besser abnutzen als solche von Pferden in Boxenhaltung mit wenig Weidegang und ungen\u00fcgendem Raufutterangebot.<\/p>\n\n\n\n<p>Zus\u00e4tzlich gibt es Pferderassen, die h\u00e4ufiger von Zahnfehlstellungen betroffen sind.&nbsp;Pferdegebisse mit Zahnfehlstellungen nutzen sich immer fehlerhaft ab, was sich h\u00e4ufig in dominanten (zu langen) Z\u00e4hnen \u00e4ussert, die den gegen\u00fcberliegenden Zahn fr\u00fchzeitig sch\u00e4digen, oder sogar zerst\u00f6ren k\u00f6nnen (Zahnfraktur).<\/p>\n\n\n\n<p>Bei solchen Pferden ist eine regelm\u00e4ssige Korrektur unumg\u00e4nglich.<\/p>\n\n\n\n<p>In Zukunft m\u00f6chte ich auf meiner Homepage besondere F\u00e4lle vor allem mit Bildern dokumentieren. Pferdebesitzer sollten sich ungef\u00e4hr ein Bild machen k\u00f6nnen, was zu einer sinnvollen Pferdezahnbehandlung geh\u00f6rt.<\/p>\n","protected":false},"excerpt":{"rendered":"<p><!-- wp:heading --><\/p>\n<h2 class=\"wp-block-heading\">Warum sollte ich die Z\u00e4hne meines Pferdes durch einen Spezialisten behandeln lassen?<\/h2>\n<p><!-- \/wp:heading --><\/p>\n<p><!-- wp:paragraph --><\/p>\n<p>Die Pferdehaltung befriedigt die nat\u00fcrlichen Ern\u00e4hrungsbed\u00fcrfnis&#8230;<\/p>\n","protected":false},"author":1,"featured_media":0,"parent":0,"menu_order":0,"comment_status":"closed","ping_status":"closed","template":"","meta":{"neve_meta_sidebar":"","neve_meta_container":"","neve_meta_enable_content_width":"","neve_meta_content_width":0,"neve_meta_title_alignment":"","neve_meta_author_avatar":"","neve_post_elements_order":"","neve_meta_disable_header":"","neve_meta_disable_footer":"","neve_meta_disable_title":"","_themeisle_gutenberg_block_has_review":false,"footnotes":""},"class_list":["post-717","page","type-page","status-publish","hentry"],"_links":{"self":[{"href":"https:\/\/www.pferdezahnbehandlungen.ch\/de_DE\/wp-json\/wp\/v2\/pages\/717"}],"collection":[{"href":"https:\/\/www.pferdezahnbehandlungen.ch\/de_DE\/wp-json\/wp\/v2\/pages"}],"about":[{"href":"https:\/\/www.pferdezahnbehandlungen.ch\/de_DE\/wp-json\/wp\/v2\/types\/page"}],"author":[{"embeddable":true,"href":"https:\/\/www.pferdezahnbehandlungen.ch\/de_DE\/wp-json\/wp\/v2\/users\/1"}],"replies":[{"embeddable":true,"href":"https:\/\/www.pferdezahnbehandlungen.ch\/de_DE\/wp-json\/wp\/v2\/comments?post=717"}],"version-history":[{"count":3,"href":"https:\/\/www.pferdezahnbehandlungen.ch\/de_DE\/wp-json\/wp\/v2\/pages\/717\/revisions"}],"predecessor-version":[{"id":722,"href":"https:\/\/www.pferdezahnbehandlungen.ch\/de_DE\/wp-json\/wp\/v2\/pages\/717\/revisions\/722"}],"wp:attachment":[{"href":"https:\/\/www.pferdezahnbehandlungen.ch\/de_DE\/wp-json\/wp\/v2\/media?parent=717"}],"curies":[{"name":"wp","href":"https:\/\/api.w.org\/{rel}","templated":true}]}}