{"id":723,"date":"2024-08-13T14:45:09","date_gmt":"2024-08-13T14:45:09","guid":{"rendered":"https:\/\/widmer.consolvis.ch\/?page_id=723"},"modified":"2024-08-13T14:46:09","modified_gmt":"2024-08-13T14:46:09","slug":"symptome-probleme","status":"publish","type":"page","link":"https:\/\/www.pferdezahnbehandlungen.ch\/de_DE\/symptome-probleme\/","title":{"rendered":"Symptome\/Probleme"},"content":{"rendered":"\n<h2 class=\"wp-block-heading\">H\u00e4ufigste Probleme<\/h2>\n\n\n\n<p><strong>Wolfsz\u00e4hne&nbsp;<\/strong>(Rudimente eines weiteren pr\u00e4molaren Backenzahns) sollten bei mit&nbsp;<strong>Gebiss&nbsp;<\/strong>gerittenen Pferden&nbsp;<strong>extrahiert&nbsp;<\/strong>werden, da der Kontakt mit dem Gebiss (Trense) Schmerzen verursacht.<\/p>\n\n\n\n<p><strong>Dominante Backenz\u00e4hne, Meisselz\u00e4hne<\/strong>, (zu lange Backenz\u00e4hne) besch\u00e4digen ihren Antagonisten (gegen\u00fcberliegender Zahn),&nbsp;behindern den physiologischen Mahlvorgang und f\u00fchren dadurch zu Blockaden, welche teilweise Auswirkungen auf den ganzen Bewegungsapparat haben.<\/p>\n\n\n\n<p><strong>Meisselz\u00e4hne<\/strong>&nbsp;verursachen oft&nbsp;auch erhebliche Weichteilverletzungen.<\/p>\n\n\n\n<p>Alle Pferde bekommen&nbsp;<strong>Zahnspitzen<\/strong>, (Oberkiefer auf der Aussenseite, Unterkiefer auf der Innenseite), welche die Backenschleimhaut (Oberkiefer) und die Zunge (Unterkiefer) verletzen k\u00f6nnen.<\/p>\n\n\n\n<p>S\u00e4mtliche&nbsp;<strong>abnormalen Gebisskonformationen<\/strong>&nbsp;st\u00f6ren den physiologischen Kaumechanismus.<\/p>\n\n\n\n<p>Auch die&nbsp;<strong>Schneidez\u00e4hne<\/strong>&nbsp;m\u00fcssen bei Bedarf behandelt werden, Winkel &#8211; und L\u00e4ngenkorrektur.<\/p>\n\n\n\n<p><strong>Ziel<\/strong>&nbsp;sind m\u00f6glichst ausbalancierte (ausgeglichene) Kaufl\u00e4chen&nbsp;mit Winkel zwischen zirka 12 bis 15 Grad.&nbsp;<\/p>\n\n\n\n<h2 class=\"wp-block-heading\">In welchem Alter sollte mein Pferd erstmals behandelt werden?<\/h2>\n\n\n\n<p>Es w\u00e4re ideal, die&nbsp;<strong>erste Zahnbehandlung<\/strong>&nbsp;vor dem Anreiten des Pferdes machen zu lassen, damit einem korrekten Tragen der Trense nichts im Wege steht und das Pferd keine negativen Erfahrungen durch Schmerzen sammelt.<\/p>\n\n\n\n<p>Erfolgt die erste Behandlung erst im h\u00f6heren Alter, ist eine vollst\u00e4ndige Korrektur von Gebissfehlern teilweise nicht mehr m\u00f6glich.<\/p>\n\n\n\n<p>Bei fehlenden Backenz\u00e4hnen (extrahiert oder herausgefallen), muss der Gegenzahn regelm\u00e4ssig gek\u00fcrzt werden, da sonst der physiologische Kaumechanismus behindert, oder in Extremf\u00e4llen verunm\u00f6glicht wird.<\/p>\n\n\n\n<p>Pferde mit Gebissfehlstellungen und fehlenden Z\u00e4hnen sollten h\u00e4ufiger behandelt werden als Pferde mit korrekten Gebissen.<\/p>\n\n\n\n<p>Pferde in Boxenhaltung sollten tendenziell auch h\u00e4ufiger behandelt werden als Pferde in Robusthaltung.<\/p>\n\n\n\n<h2 class=\"wp-block-heading\">Alterskategorien und h\u00e4ufigste Korrekturmassnahmen<\/h2>\n\n\n\n<h3 class=\"wp-block-heading\"><strong>Jungpferde:<\/strong><\/h3>\n\n\n\n<ul class=\"wp-block-list\">\n<li>Ab dem 3. Altersjahr, in Ausnahmef\u00e4llen fr\u00fcher (Rennpferde, Quarterhorses)<\/li>\n\n\n\n<li>Wolfszahnextraktion<\/li>\n\n\n\n<li>Extraktion persistierender Milchzahnkappen und Schneidezahnkappen (Milchz\u00e4hne)<\/li>\n\n\n\n<li>Spitzenentfernung<\/li>\n\n\n\n<li>Bit-Seats, (Trensenschliff) abrunden der 1. Backenz\u00e4hne zur Verhinderung von Maulwinkelverletzungen bei mit Gebiss gerittenen Pferden.<\/li>\n<\/ul>\n\n\n\n<h3 class=\"wp-block-heading\"><strong>5- bis 15-J\u00e4hrige:<\/strong><\/h3>\n\n\n\n<ul class=\"wp-block-list\">\n<li>Spitzenentfernung<\/li>\n\n\n\n<li>ETR (Exaggeratet Transverse Ridges)<\/li>\n\n\n\n<li>Korrektur von fehlerhaften Gebisskonformationen<\/li>\n\n\n\n<li>Bit-Seats<\/li>\n\n\n\n<li>Schneidezahnkorrektur<\/li>\n\n\n\n<li>Korrektur der Canini (Hengstz\u00e4hne)<\/li>\n<\/ul>\n\n\n\n<h3 class=\"wp-block-heading\"><strong>Ab 15 Jahren:<\/strong><\/h3>\n\n\n\n<ul class=\"wp-block-list\">\n<li>Spitzenentfernung<\/li>\n\n\n\n<li>Schonende Korrekturen von fehlerhaften Gebisskonformationen. (Kein Wachstum mehr, nur noch Nachstossen des Zahnes bis zu den Wurzelenden)<\/li>\n\n\n\n<li>Extraktion mobiler Z\u00e4hne<\/li>\n\n\n\n<li>Diastema-Behandlung&nbsp;<\/li>\n\n\n\n<li>EOTRH (Equine Osteclastic Tooth Resorption and Hypercementosis)<\/li>\n<\/ul>\n","protected":false},"excerpt":{"rendered":"<p><!-- wp:heading --><\/p>\n<h2 class=\"wp-block-heading\">H\u00e4ufigste Probleme<\/h2>\n<p><!-- \/wp:heading --><\/p>\n<p><!-- wp:paragraph --><\/p>\n<p><strong>Wolfsz\u00e4hne&nbsp;<\/strong>(Rudimente eines weiteren pr\u00e4molaren Backenzahns) sollten bei mit&nbsp;<strong>Gebiss&nbsp;<\/stro...\n<\/p>\n","protected":false},"author":1,"featured_media":0,"parent":0,"menu_order":0,"comment_status":"closed","ping_status":"closed","template":"","meta":{"neve_meta_sidebar":"","neve_meta_container":"","neve_meta_enable_content_width":"","neve_meta_content_width":0,"neve_meta_title_alignment":"","neve_meta_author_avatar":"","neve_post_elements_order":"","neve_meta_disable_header":"","neve_meta_disable_footer":"","neve_meta_disable_title":"","_themeisle_gutenberg_block_has_review":false,"footnotes":""},"class_list":["post-723","page","type-page","status-publish","hentry"],"_links":{"self":[{"href":"https:\/\/www.pferdezahnbehandlungen.ch\/de_DE\/wp-json\/wp\/v2\/pages\/723"}],"collection":[{"href":"https:\/\/www.pferdezahnbehandlungen.ch\/de_DE\/wp-json\/wp\/v2\/pages"}],"about":[{"href":"https:\/\/www.pferdezahnbehandlungen.ch\/de_DE\/wp-json\/wp\/v2\/types\/page"}],"author":[{"embeddable":true,"href":"https:\/\/www.pferdezahnbehandlungen.ch\/de_DE\/wp-json\/wp\/v2\/users\/1"}],"replies":[{"embeddable":true,"href":"https:\/\/www.pferdezahnbehandlungen.ch\/de_DE\/wp-json\/wp\/v2\/comments?post=723"}],"version-history":[{"count":2,"href":"https:\/\/www.pferdezahnbehandlungen.ch\/de_DE\/wp-json\/wp\/v2\/pages\/723\/revisions"}],"predecessor-version":[{"id":726,"href":"https:\/\/www.pferdezahnbehandlungen.ch\/de_DE\/wp-json\/wp\/v2\/pages\/723\/revisions\/726"}],"wp:attachment":[{"href":"https:\/\/www.pferdezahnbehandlungen.ch\/de_DE\/wp-json\/wp\/v2\/media?parent=723"}],"curies":[{"name":"wp","href":"https:\/\/api.w.org\/{rel}","templated":true}]}}