{"id":730,"date":"2024-08-13T14:49:28","date_gmt":"2024-08-13T14:49:28","guid":{"rendered":"https:\/\/widmer.consolvis.ch\/?page_id=730"},"modified":"2024-09-23T08:53:31","modified_gmt":"2024-09-23T08:53:31","slug":"kontakt","status":"publish","type":"page","link":"https:\/\/www.pferdezahnbehandlungen.ch\/de_DE\/kontakt\/","title":{"rendered":"Kontakt"},"content":{"rendered":"\n<p>Med. vet. Tobias Widmer<br \/>Mobile Pferdezahnbehandlungen<\/p>\n\n\n\n<p>Mobile: 076 413 66 71<br \/>E-Mail: tobi.widmer (at) gmx.ch<\/p>\n\n\n\n<h1 class=\"wp-block-heading\">Impressum<\/h1>\n\n\n\n<h3 class=\"wp-block-heading\">Eigent\u00fcmer der Internetseite<\/h3>\n\n\n\n<p>Med. vet. Tobias Widmer<br \/>Mobile Pferdezahnbehandlungen<br \/>Hinter Hammer 45<br \/>CH-4715 Herbetswil<\/p>\n\n\n\n<p>Tel. 076 413 66 71<br \/>Mail info (at) pferdezahnbehandlungen.ch<\/p>\n\n\n\n<h3 class=\"wp-block-heading\">Gestaltung und Programmierung<\/h3>\n\n\n\n<p>Visioweb&nbsp;<sup>Design<\/sup><\/p>\n\n\n\n<p><a href=\"http:\/\/www.visioweb.ch\/\" target=\"_blank\" rel=\"noopener\">www.visioweb.ch<\/a><\/p>\n\n\n\n<h3 class=\"wp-block-heading\">Fotos: Evelyn Schweizer, M. Mondstein<br \/>\u00dcbersetzung Franz\u00f6sisch: Dr. Lionel Pilorget<\/h3>\n\n\n\n<p>\u00dcbermittelte Daten werden vertraulich behandelt. Inhalte und Bilder&nbsp;d\u00fcrfen nicht in einem anderen Zusammenhang verwendet und kopiert werden. F\u00fcr Informationen auf dieser Website werden s\u00e4mtliche Haftungsanspr\u00fcche ausgeschlossen.<\/p>\n","protected":false},"excerpt":{"rendered":"<p><!-- wp:paragraph --><\/p>\n<p>Med. vet. Tobias Widmer<br \/>Mobile Pferdezahnbehandlungen<\/p>\n<p><!-- \/wp:paragraph --><\/p>\n<p><!-- wp:paragraph --><\/p>\n<p>Mobile: 076 413 66 71<br \/>E-Mail: tobi.widmer (at) gmx.ch<\/p>\n<p><!-- \/wp:paragraph --><\/p>\n<p><!-- wp:heading {\"level\":1} --...\n<\/p>\n","protected":false},"author":1,"featured_media":0,"parent":0,"menu_order":0,"comment_status":"closed","ping_status":"closed","template":"","meta":{"neve_meta_sidebar":"","neve_meta_container":"","neve_meta_enable_content_width":"","neve_meta_content_width":0,"neve_meta_title_alignment":"","neve_meta_author_avatar":"","neve_post_elements_order":"","neve_meta_disable_header":"","neve_meta_disable_footer":"","neve_meta_disable_title":"","_themeisle_gutenberg_block_has_review":false,"footnotes":""},"class_list":["post-730","page","type-page","status-publish","hentry"],"_links":{"self":[{"href":"https:\/\/www.pferdezahnbehandlungen.ch\/de_DE\/wp-json\/wp\/v2\/pages\/730"}],"collection":[{"href":"https:\/\/www.pferdezahnbehandlungen.ch\/de_DE\/wp-json\/wp\/v2\/pages"}],"about":[{"href":"https:\/\/www.pferdezahnbehandlungen.ch\/de_DE\/wp-json\/wp\/v2\/types\/page"}],"author":[{"embeddable":true,"href":"https:\/\/www.pferdezahnbehandlungen.ch\/de_DE\/wp-json\/wp\/v2\/users\/1"}],"replies":[{"embeddable":true,"href":"https:\/\/www.pferdezahnbehandlungen.ch\/de_DE\/wp-json\/wp\/v2\/comments?post=730"}],"version-history":[{"count":5,"href":"https:\/\/www.pferdezahnbehandlungen.ch\/de_DE\/wp-json\/wp\/v2\/pages\/730\/revisions"}],"predecessor-version":[{"id":743,"href":"https:\/\/www.pferdezahnbehandlungen.ch\/de_DE\/wp-json\/wp\/v2\/pages\/730\/revisions\/743"}],"wp:attachment":[{"href":"https:\/\/www.pferdezahnbehandlungen.ch\/de_DE\/wp-json\/wp\/v2\/media?parent=730"}],"curies":[{"name":"wp","href":"https:\/\/api.w.org\/{rel}","templated":true}]}}