{"id":696,"date":"2024-08-13T14:19:32","date_gmt":"2024-08-13T14:19:32","guid":{"rendered":"https:\/\/widmer.consolvis.ch\/?page_id=696"},"modified":"2024-08-13T14:37:47","modified_gmt":"2024-08-13T14:37:47","slug":"behandlung","status":"publish","type":"page","link":"https:\/\/www.pferdezahnbehandlungen.ch\/fr_FR\/behandlung\/","title":{"rendered":"Consultation"},"content":{"rendered":"\n<div class=\"wp-block-columns is-layout-flex wp-container-core-columns-is-layout-1 wp-block-columns-is-layout-flex\">\n<div class=\"wp-block-column is-layout-flow wp-block-column-is-layout-flow\" style=\"flex-basis:66.66%\">\n<h2 class=\"wp-block-heading\">Ma m\u00e9thode de travail<\/h2>\n\n\n\n<p>Il me tient \u00e0 c\u0153ur de proposer des services de qualit\u00e9 pour un prix abordable. En particulier, il me semble fondamental de soigner les chevaux avec le plus profond respect.<\/p>\n\n\n\n<p>J\u00b4utilise un mat\u00e9riel de polissage moderne accompagn\u00e9 d\u00b4un contr\u00f4le visuel avec lampe frontale. Afin d\u2019effectuer un travail de pr\u00e9cision et d\u00b4\u00e9viter toute blessure, il est indispensable de travailler avec un \u00e9clairage frontal.<\/p>\n\n\n\n<p>Les chevaux sont maintenus immobilis\u00e9s gr\u00e2ce \u00e0 un licol sans qu\u00b4aucune personne suppl\u00e9mentaire ne soit n\u00e9cessaire.<\/p>\n\n\n\n<p>Lors d\u00b4une intervention, j\u00b4effectue plusieurs pauses de courte dur\u00e9e durant lesquelles l\u00b4\u00e9carteur de bouche est referm\u00e9 et le cheval peut prendre une position inclin\u00e9e pour se d\u00e9contracter.<\/p>\n\n\n\n<p>Une intervention est r\u00e9alis\u00e9e sous s\u00e9dation l\u00e9g\u00e8re, ce qui permet une meilleure correction des dents sans augmenter le stress chez le cheval et garantit \u00e9galement la s\u00e9curit\u00e9 de l\u00b4animal ainsi que du personnel soignant.<\/p>\n\n\n\n<p>Il est important que les corrections effectu\u00e9es soient r\u00e9alis\u00e9es sur toutes les dents, m\u00eame les plus \u00e9loign\u00e9es, afin de permettre une bonne mastication d\u00b4un point de vue biom\u00e9canique. Si besoin est, les corrections s\u00b4appliquent \u00e9galement aux incisives.<\/p>\n\n\n\n<p>Les premi\u00e8res pr\u00e9molaires pour des chevaux ayant un mors sont extraites car elles entravent la bride et peuvent provoquer des douleurs chez l\u00b4animal.<\/p>\n\n\n\n<p>Le propri\u00e9taire peut bien \u00e9videmment assister aux soins.<\/p>\n\n\n\n<p>L\u00b4intervention est expliqu\u00e9e sur place \u00e0 l\u00b4avance avec un examen visuel des soins \u00e0 effectuer.<\/p>\n\n\n\n<p>A la fin de chaque intervention, un rapport est r\u00e9dig\u00e9.<\/p>\n\n\n\n<p>Il est souhaitable de r\u00e9aliser un contr\u00f4le annuel.<\/p>\n<\/div>\n\n\n\n<div class=\"wp-block-column is-layout-flow wp-block-column-is-layout-flow\" style=\"flex-basis:33.33%\">\n<figure class=\"wp-block-image size-large\"><img loading=\"lazy\" decoding=\"async\" width=\"768\" height=\"1024\" src=\"https:\/\/widmer.consolvis.ch\/wp-content\/uploads\/2024\/08\/haengehalfter-768x1024.jpg\" alt=\"H\u00e4ngehalfter\" class=\"wp-image-699\" srcset=\"https:\/\/www.pferdezahnbehandlungen.ch\/wp-content\/uploads\/2024\/08\/haengehalfter-768x1024.jpg 768w, https:\/\/www.pferdezahnbehandlungen.ch\/wp-content\/uploads\/2024\/08\/haengehalfter-225x300.jpg 225w, https:\/\/www.pferdezahnbehandlungen.ch\/wp-content\/uploads\/2024\/08\/haengehalfter-1152x1536.jpg 1152w, https:\/\/www.pferdezahnbehandlungen.ch\/wp-content\/uploads\/2024\/08\/haengehalfter-1536x2048.jpg 1536w, https:\/\/www.pferdezahnbehandlungen.ch\/wp-content\/uploads\/2024\/08\/haengehalfter-scaled.jpg 1920w\" sizes=\"(max-width: 768px) 100vw, 768px\" \/><\/figure>\n<\/div>\n<\/div>\n","protected":false},"excerpt":{"rendered":"<p><!-- wp:columns --><\/p>\n<div class=\"wp-block-columns\"><!-- wp:column {\"width\":\"66.66%\"} --><\/p>\n<div class=\"wp-block-column\" style=\"flex-basis:66.66%\"><!-- wp:heading --><\/p>\n<h2 class=\"wp-block-heading\">Ma m\u00e9thode de travail<\/h2>\n<p><!-- \/wp:heading --><\/p>\n<p><!-- wp:p...\n<\/p>\n","protected":false},"author":1,"featured_media":0,"parent":0,"menu_order":0,"comment_status":"closed","ping_status":"closed","template":"","meta":{"neve_meta_sidebar":"","neve_meta_container":"","neve_meta_enable_content_width":"","neve_meta_content_width":0,"neve_meta_title_alignment":"","neve_meta_author_avatar":"","neve_post_elements_order":"","neve_meta_disable_header":"","neve_meta_disable_footer":"","neve_meta_disable_title":"","_themeisle_gutenberg_block_has_review":false,"footnotes":""},"class_list":["post-696","page","type-page","status-publish","hentry"],"_links":{"self":[{"href":"https:\/\/www.pferdezahnbehandlungen.ch\/fr_FR\/wp-json\/wp\/v2\/pages\/696"}],"collection":[{"href":"https:\/\/www.pferdezahnbehandlungen.ch\/fr_FR\/wp-json\/wp\/v2\/pages"}],"about":[{"href":"https:\/\/www.pferdezahnbehandlungen.ch\/fr_FR\/wp-json\/wp\/v2\/types\/page"}],"author":[{"embeddable":true,"href":"https:\/\/www.pferdezahnbehandlungen.ch\/fr_FR\/wp-json\/wp\/v2\/users\/1"}],"replies":[{"embeddable":true,"href":"https:\/\/www.pferdezahnbehandlungen.ch\/fr_FR\/wp-json\/wp\/v2\/comments?post=696"}],"version-history":[{"count":8,"href":"https:\/\/www.pferdezahnbehandlungen.ch\/fr_FR\/wp-json\/wp\/v2\/pages\/696\/revisions"}],"predecessor-version":[{"id":714,"href":"https:\/\/www.pferdezahnbehandlungen.ch\/fr_FR\/wp-json\/wp\/v2\/pages\/696\/revisions\/714"}],"wp:attachment":[{"href":"https:\/\/www.pferdezahnbehandlungen.ch\/fr_FR\/wp-json\/wp\/v2\/media?parent=696"}],"curies":[{"name":"wp","href":"https:\/\/api.w.org\/{rel}","templated":true}]}}