{"id":723,"date":"2024-08-13T14:45:09","date_gmt":"2024-08-13T14:45:09","guid":{"rendered":"https:\/\/widmer.consolvis.ch\/?page_id=723"},"modified":"2024-08-13T14:46:09","modified_gmt":"2024-08-13T14:46:09","slug":"symptome-probleme","status":"publish","type":"page","link":"https:\/\/www.pferdezahnbehandlungen.ch\/fr_FR\/symptome-probleme\/","title":{"rendered":"Sympt\u00f4mes"},"content":{"rendered":"\n<h2 class=\"wp-block-heading\">Probl\u00e8mes les plus courants<\/h2>\n\n\n\n<p><strong>Dents de loup<\/strong>&nbsp;(vestige d\u00b4une pr\u00e9molaire suppl\u00e9mentaire parmi les molaires du cheval): doivent \u00eatre extraites pour les chevaux mont\u00e9s car le mors de bride peut procurer des douleurs.<br \/><br \/><strong>Dominance de molaires de trop grande taille<\/strong>: ces derni\u00e8res peuvent avoir un effet destructeur sur les autres dents (en particulier les dents de la m\u00e2choire oppos\u00e9e), g\u00eanent la prise et le broyage de nourriture et entra\u00eenent de ce fait des dysfonctionnements, qui peuvent avoir des r\u00e9percussions sur l\u00b4ensemble des capacit\u00e9s motrices du cheval.<br \/><br \/><strong>Molaires de taille pr\u00e9dominante<\/strong>: ces derni\u00e8res peuvent causer des blessures au niveau des tissus buccaux.<\/p>\n\n\n\n<p>Tous les chevaux pr\u00e9sentent dans leur dentition des dents ou morceaux de dent (vers l\u00b4ext\u00e9rieur au niveau du maxillaire sup\u00e9rieur, vers l\u2019int\u00e9rieur au niveau de la mandibule inf\u00e9rieure) qui peuvent provoquer des blessures au niveau des muqueuses sup\u00e9rieures ou de la langue.<br \/><br \/>Toute d\u00e9formation de la dentition g\u00eane le processus de mastication.<\/p>\n\n\n\n<p>M\u00eame les incisives doivent \u00eatre trait\u00e9es si besoin est, en particulier pour ce qui est de corrections angulaires ou de la taille de la dent.<br \/><br \/>L\u00b4objectif reste d\u00b4obtenir une surface de mastication \u00e9quilibr\u00e9e et bien r\u00e9partie avec des angles compris entre 12 et 15 degr\u00e9s.<\/p>\n\n\n\n<h2 class=\"wp-block-heading\">A partir de quel \u00e2ge est-ce que mon cheval doit se faire soigner?<\/h2>\n\n\n\n<p>L\u00b4id\u00e9al serait de faire soigner son cheval avant le d\u00e9bourrage, afin de permettre une position correcte du mors dans la bouche et d\u00b4 \u00e9viter ainsi au cheval une exp\u00e9rience douloureuse et d\u00e9sagr\u00e9able.<br \/><br \/>Si la premi\u00e8re intervention survient alors que le cheval a d\u00e9j\u00e0 atteint un \u00e2ge avanc\u00e9, il est possible qu\u00b4une correction compl\u00e8te de la dentition ne soit plus r\u00e9alisable.<br \/>Dans le cas o\u00f9 des molaires manquent, soit parce que ces derni\u00e8res ont \u00e9t\u00e9 extraites ou bien le cheval a perdu des dents, il est imp\u00e9ratif de limer les dents oppos\u00e9es afin de permettre une mastication ad\u00e9quate, qui dans les cas extr\u00eames serait rendue impossible.<br \/>Les chevaux pr\u00e9sentant des malformations de la dentition ou dont la dentition est incompl\u00e8te doivent subir des interventions plus fr\u00e9quentes. Les chevaux tenus en boxe doivent aussi en principe \u00eatre trait\u00e9s plus souvent que des chevaux ayant une constitution robuste.&nbsp;<\/p>\n\n\n\n<h2 class=\"wp-block-heading\">Cat\u00e9gories d\u00b4\u00e2ge et mesures correctives les plus fr\u00e9quentes<\/h2>\n\n\n\n<h3 class=\"wp-block-heading\">Jeune cheval:<\/h3>\n\n\n\n<ul class=\"wp-block-list\">\n<li>A partir de 3 ans, et dans des cas exceptionnels pour des chevaux plus jeunes (chevaux de course, Quarterhorses)<\/li>\n\n\n\n<li>Extraction des dents de loup<\/li>\n\n\n\n<li>Extraction de coiffes de lait et d\u00b4incisives (dents de lait)<\/li>\n\n\n\n<li>Nivellement des tables dentaires<\/li>\n\n\n\n<li>Bit-Seat, \u00e0 savoir la cr\u00e9ation du si\u00e8ge du mors en limant la premi\u00e8re molaire afin d\u00b4\u00e9viter des blessures au niveau de la commissure labiale pour les chevaux mont\u00e9s<\/li>\n<\/ul>\n\n\n\n<h3 class=\"wp-block-heading\">Entre 5 et 15 ans:<\/h3>\n\n\n\n<ul class=\"wp-block-list\">\n<li>Nivellement des tables dentaires<\/li>\n\n\n\n<li>ETR (Exaggerated Transverse Ridges)<\/li>\n\n\n\n<li>Corrections de malformations dentaires<\/li>\n\n\n\n<li>Bit-Seat<\/li>\n\n\n\n<li>Corrections des incisives<\/li>\n\n\n\n<li>Corrections des canines<\/li>\n<\/ul>\n\n\n\n<h3 class=\"wp-block-heading\">Plus de 15 ans:<\/h3>\n\n\n\n<ul class=\"wp-block-list\">\n<li>Nivellement des tables dentaires<\/li>\n\n\n\n<li>Corrections mod\u00e9r\u00e9es de malformations de la dentition (les dents ne poussant plus, pression sur la dent jusque la racine)<\/li>\n\n\n\n<li>Extraction de dents qui bougent<\/li>\n\n\n\n<li>Traitement de diast\u00e8mes (espace entre deux dents, souvent id\u00e9al pour cr\u00e9er une poche de nourriture)<\/li>\n\n\n\n<li>EOTRH (Equine Osteoclastic Tooth Resorption and Hypercementosis)<\/li>\n<\/ul>\n","protected":false},"excerpt":{"rendered":"<p><!-- wp:heading --><\/p>\n<h2 class=\"wp-block-heading\">Probl\u00e8mes les plus courants<\/h2>\n<p><!-- \/wp:heading --><\/p>\n<p><!-- wp:paragraph --><\/p>\n<p><strong>Dents de loup<\/strong>&nbsp;(vestige d\u00b4une pr\u00e9molaire suppl\u00e9mentaire parmi les molaires du cheval): doivent \u00eatre &#8230;<\/p>\n","protected":false},"author":1,"featured_media":0,"parent":0,"menu_order":0,"comment_status":"closed","ping_status":"closed","template":"","meta":{"neve_meta_sidebar":"","neve_meta_container":"","neve_meta_enable_content_width":"","neve_meta_content_width":0,"neve_meta_title_alignment":"","neve_meta_author_avatar":"","neve_post_elements_order":"","neve_meta_disable_header":"","neve_meta_disable_footer":"","neve_meta_disable_title":"","_themeisle_gutenberg_block_has_review":false,"footnotes":""},"class_list":["post-723","page","type-page","status-publish","hentry"],"_links":{"self":[{"href":"https:\/\/www.pferdezahnbehandlungen.ch\/fr_FR\/wp-json\/wp\/v2\/pages\/723"}],"collection":[{"href":"https:\/\/www.pferdezahnbehandlungen.ch\/fr_FR\/wp-json\/wp\/v2\/pages"}],"about":[{"href":"https:\/\/www.pferdezahnbehandlungen.ch\/fr_FR\/wp-json\/wp\/v2\/types\/page"}],"author":[{"embeddable":true,"href":"https:\/\/www.pferdezahnbehandlungen.ch\/fr_FR\/wp-json\/wp\/v2\/users\/1"}],"replies":[{"embeddable":true,"href":"https:\/\/www.pferdezahnbehandlungen.ch\/fr_FR\/wp-json\/wp\/v2\/comments?post=723"}],"version-history":[{"count":2,"href":"https:\/\/www.pferdezahnbehandlungen.ch\/fr_FR\/wp-json\/wp\/v2\/pages\/723\/revisions"}],"predecessor-version":[{"id":726,"href":"https:\/\/www.pferdezahnbehandlungen.ch\/fr_FR\/wp-json\/wp\/v2\/pages\/723\/revisions\/726"}],"wp:attachment":[{"href":"https:\/\/www.pferdezahnbehandlungen.ch\/fr_FR\/wp-json\/wp\/v2\/media?parent=723"}],"curies":[{"name":"wp","href":"https:\/\/api.w.org\/{rel}","templated":true}]}}