{"id":727,"date":"2024-08-13T14:48:06","date_gmt":"2024-08-13T14:48:06","guid":{"rendered":"https:\/\/widmer.consolvis.ch\/?page_id=727"},"modified":"2024-08-13T14:48:40","modified_gmt":"2024-08-13T14:48:40","slug":"preise","status":"publish","type":"page","link":"https:\/\/www.pferdezahnbehandlungen.ch\/fr_FR\/preise\/","title":{"rendered":"Tarification"},"content":{"rendered":"\n<p>Le tarif d\u00b4une intervention, incluant la s\u00e9dation, se situe entre 160 et 250 francs suisses selon la dur\u00e9e des soins \u00e0 effectuer.<\/p>\n\n\n\n<p>Des rabais sont r\u00e9alis\u00e9s pour les poneys, les \u00e2nes de taille moyenne et les mini shetlands.<\/p>\n\n\n\n<p>Dans le cas d\u00b4un traitement urgent pour un seul cheval, je me r\u00e9serve le droit de facturer des frais de d\u00e9placement forfaitaires suppl\u00e9mentaires.<\/p>\n\n\n\n<p>Les soins sont prodigu\u00e9s sur l\u00b4ensemble de la Suisse. Les interventions \u00e0 l\u00b4\u00e9tranger sont effectu\u00e9es suite \u00e0 une offre sp\u00e9cifique.\u2003<\/p>\n","protected":false},"excerpt":{"rendered":"<p><!-- wp:paragraph --><\/p>\n<p>Le tarif d\u00b4une intervention, incluant la s\u00e9dation, se situe entre 160 et 250 francs suisses selon la dur\u00e9e des soins \u00e0 effectuer.<\/p>\n<p><!-- \/wp:paragraph --><\/p>\n<p><!-- wp:paragraph --><\/p>\n<p>Des rabais sont r\u00e9alis\u00e9s pour les poneys, &#8230;<\/p>\n","protected":false},"author":1,"featured_media":0,"parent":0,"menu_order":0,"comment_status":"closed","ping_status":"closed","template":"","meta":{"neve_meta_sidebar":"","neve_meta_container":"","neve_meta_enable_content_width":"","neve_meta_content_width":0,"neve_meta_title_alignment":"","neve_meta_author_avatar":"","neve_post_elements_order":"","neve_meta_disable_header":"","neve_meta_disable_footer":"","neve_meta_disable_title":"","_themeisle_gutenberg_block_has_review":false,"footnotes":""},"class_list":["post-727","page","type-page","status-publish","hentry"],"_links":{"self":[{"href":"https:\/\/www.pferdezahnbehandlungen.ch\/fr_FR\/wp-json\/wp\/v2\/pages\/727"}],"collection":[{"href":"https:\/\/www.pferdezahnbehandlungen.ch\/fr_FR\/wp-json\/wp\/v2\/pages"}],"about":[{"href":"https:\/\/www.pferdezahnbehandlungen.ch\/fr_FR\/wp-json\/wp\/v2\/types\/page"}],"author":[{"embeddable":true,"href":"https:\/\/www.pferdezahnbehandlungen.ch\/fr_FR\/wp-json\/wp\/v2\/users\/1"}],"replies":[{"embeddable":true,"href":"https:\/\/www.pferdezahnbehandlungen.ch\/fr_FR\/wp-json\/wp\/v2\/comments?post=727"}],"version-history":[{"count":2,"href":"https:\/\/www.pferdezahnbehandlungen.ch\/fr_FR\/wp-json\/wp\/v2\/pages\/727\/revisions"}],"predecessor-version":[{"id":729,"href":"https:\/\/www.pferdezahnbehandlungen.ch\/fr_FR\/wp-json\/wp\/v2\/pages\/727\/revisions\/729"}],"wp:attachment":[{"href":"https:\/\/www.pferdezahnbehandlungen.ch\/fr_FR\/wp-json\/wp\/v2\/media?parent=727"}],"curies":[{"name":"wp","href":"https:\/\/api.w.org\/{rel}","templated":true}]}}